{"id":32,"date":"2008-09-08T12:45:45","date_gmt":"2008-09-08T10:45:45","guid":{"rendered":"http:\/\/www.torrevado.org\/?page_id=32"},"modified":"2021-06-02T11:20:00","modified_gmt":"2021-06-02T09:20:00","slug":"le-webcan-di-torre-vado","status":"publish","type":"page","link":"https:\/\/www.torrevado.org\/index.php\/le-webcan-di-torre-vado","title":{"rendered":"Le webcan di Torre Vado"},"content":{"rendered":"<p>La tecnologia ha ormai invaso la nostra vita, dobbiamo riconoscerlo. Moltissime di queste innovazioni, se usate con discrezione e buon senso, hanno portato senza dubbi tantissimi vantaggi a tutti noi.<\/p>\n<p>Cos\u00ec anche Torre Vado si \u00e8 lasciata contagiare dalla mania di farsi conoscere al mondo intero attraverso tre web cam, costantemente puntate in tre angoli della marina. Ci\u00f2 vi permetter\u00e0 di vedere Torre Vado, il suo mare e le sue spiagge, prima ancora di arrivare: sar\u00e0 anche il posto, dove andrete a caricarvi di nostalgia una volta tornati a casa. <a href=\"https:\/\/www.torrevado.info\/WebCamSalento\/\" target=\"_blank\" rel=\"noopener\"><strong>Webcam Torre Vado Salento<\/strong><\/a>.<\/p>\n<p>La prima web CAM, messa sul lato Est di Torre Vado (verso Santa Maria di Leuca), \u00e8 rivolta in direzione della Torre Saracena;<\/p>\n<figure style=\"width: 350px\" class=\"wp-caption alignnone\"><a href=\"https:\/\/www.torrevado.info\/torrevado.info2.jpg\"><img decoding=\"async\" title=\"Webcam Torre Vado\" src=\"https:\/\/www.torrevado.info\/torrevado.info2.jpg\" alt=\"Webcam Torre Vado\" width=\"350\" \/><\/a><figcaption class=\"wp-caption-text\">Webcam Torre Vado<\/figcaption><\/figure>\n<p>la seconda web CAM \u00e8 invece posta in zona centrale a Torre Vado, in posizione panoramica e con vista sull\u2019abitato e sul mare;<\/p>\n<figure style=\"width: 350px\" class=\"wp-caption alignnone\"><a href=\"https:\/\/www.puglia.info\/webcam-puglia\/webcam-torrevado-puglia.jpg\"><img decoding=\"async\" title=\"Webcam Puglia\" src=\"https:\/\/www.puglia.info\/webcam-puglia\/webcam-torrevado-puglia.jpg\" alt=\"Webcam Puglia\" width=\"350\" \/><\/a><figcaption class=\"wp-caption-text\">Webcam Puglia<\/figcaption><\/figure>\n<p>la terza web CAM \u00e8 messa in direzione della bellissima spiaggia di posto vecchio e Pescoluse comune di Salve (si intravede anche il Lido &#8220;Le Maldive del Salento&#8221;).<\/p>\n<figure style=\"width: 350px\" class=\"wp-caption alignnone\"><img decoding=\"async\" title=\"Webcam Pescoluse \" src=\"https:\/\/www.pescoluse.info\/www.pescoluse.info.jpg\" alt=\"Webcam Pescoluse \" width=\"350\" \/><figcaption class=\"wp-caption-text\">Webcam Pescoluse<\/figcaption><\/figure>\n<p>Come in tutto il mondo con un semplice clic \u00e8 possibile assaporare un poco del nostro sole che in gran parte dell\u2019anno si pu\u00f2 trovare. L\u2019obiettivo principale dell\u2019iniziativa \u00e8 stato, infatti, quello di fornire prova concreta del fatto che qui a Torre Vado, nell\u2019estrema punta della Puglia, nel Salento, il clima garantisce bellissime giornate da aprile sino a ottobre. Un invito dunque a visitare Torre Vado anche nei periodi di bassa stagione quando i prezzi dei servizi e degli alloggi sono veramente vantaggiosi.<\/p>\n","protected":false},"excerpt":{"rendered":"<p>La tecnologia ha ormai invaso la nostra vita, dobbiamo riconoscerlo. Moltissime di queste innovazioni, se usate con discrezione e buon senso, hanno portato senza dubbi tantissimi vantaggi a tutti noi. Cos\u00ec anche Torre Vado si \u00e8 lasciata contagiare dalla mania di farsi conoscere al mondo intero attraverso tre web cam, costantemente puntate in tre angoli &hellip; <a href=\"https:\/\/www.torrevado.org\/index.php\/le-webcan-di-torre-vado\" class=\"more-link\">Continua a leggere <span class=\"screen-reader-text\">Le webcan di Torre Vado<\/span><\/a><\/p>\n","protected":false},"author":2,"featured_media":0,"parent":0,"menu_order":0,"comment_status":"closed","ping_status":"closed","template":"","meta":{"footnotes":""},"class_list":["post-32","page","type-page","status-publish","hentry"],"aioseo_notices":[],"_links":{"self":[{"href":"https:\/\/www.torrevado.org\/index.php\/wp-json\/wp\/v2\/pages\/32","targetHints":{"allow":["GET"]}}],"collection":[{"href":"https:\/\/www.torrevado.org\/index.php\/wp-json\/wp\/v2\/pages"}],"about":[{"href":"https:\/\/www.torrevado.org\/index.php\/wp-json\/wp\/v2\/types\/page"}],"author":[{"embeddable":true,"href":"https:\/\/www.torrevado.org\/index.php\/wp-json\/wp\/v2\/users\/2"}],"replies":[{"embeddable":true,"href":"https:\/\/www.torrevado.org\/index.php\/wp-json\/wp\/v2\/comments?post=32"}],"version-history":[{"count":6,"href":"https:\/\/www.torrevado.org\/index.php\/wp-json\/wp\/v2\/pages\/32\/revisions"}],"predecessor-version":[{"id":418,"href":"https:\/\/www.torrevado.org\/index.php\/wp-json\/wp\/v2\/pages\/32\/revisions\/418"}],"wp:attachment":[{"href":"https:\/\/www.torrevado.org\/index.php\/wp-json\/wp\/v2\/media?parent=32"}],"curies":[{"name":"wp","href":"https:\/\/api.w.org\/{rel}","templated":true}]}}