{"id":15,"date":"2008-08-27T18:42:38","date_gmt":"2008-08-27T16:42:38","guid":{"rendered":"http:\/\/www.torrevado.org\/?page_id=15"},"modified":"2025-03-28T18:37:48","modified_gmt":"2025-03-28T16:37:48","slug":"torre-vado-dove-si-trova-e-come-si-raggiunge","status":"publish","type":"page","link":"https:\/\/www.torrevado.org\/index.php\/torre-vado-dove-si-trova-e-come-si-raggiunge","title":{"rendered":"Torre Vado: dove si trova e come si raggiunge"},"content":{"rendered":"\n<p>La Marina di Torre Vado si trova sul mare Ionio a circa 8 km da Santa Maria di Leuca e 30 km da Gallipoli. Fa parte del Comune di Morciano di Leuca unitamente alla piccola frazione di Barbarano del Capo.<\/p>\n\n\n\n<p>Per la bellezza del suo lungomare, l\u2019efficienza dei suoi servizi, per il porto turistico, per il mare limpido e pulito, Torre Vado \u00e8 divenuta nel tempo, meta turistica frequentata soprattutto da giugno a settembre da migliaia di turisti.<\/p>\n\n\n\n<iframe loading=\"lazy\" width=\"500\" height=\"500\" frameborder=\"0\" scrolling=\"no\" marginheight=\"0\" marginwidth=\"0\" src=\"https:\/\/maps.google.it\/maps\/ms?msa=0&amp;msid=118176690181105033124.00000112042221e261b86&amp;ie=UTF8&amp;t=h&amp;s=AARTsJrTj6YGq6WllxTUx-xTXY8Y638CGw&amp;ll=39.833059,18.272624&amp;spn=0.016478,0.021458&amp;z=15&amp;output=embed\"><\/iframe><br \/><small><a href=\"http:\/\/maps.google.it\/maps\/ms?msa=0&amp;msid=118176690181105033124.00000112042221e261b86&amp;ie=UTF8&amp;t=h&amp;ll=39.833059,18.272624&amp;spn=0.016478,0.021458&amp;z=15&amp;source=embed\" style=\"color:#0000FF;text-align:left\">Visualizzazione ingrandita della mappa<\/a><\/small>\n\n\n\n<p>In questo punto del Capo di Leuca, la costa degrada dolcemente verso il mare creando un litorale basso e di facile accesso, con ciottoli bianchi e levigati dal tempo e dal mare, alternato a tratti da piccole calette di sabbia. Le acque delle Sorgenti, fresche e tonificanti attraggono tutti i giorni grandi e piccini, desiderosi di sentirsi purificati e tonificati da un bagno rigeneratore.<\/p>\n\n\n\n<p>Dalle fresche e chiare acque delle Sorgenti si arriva alla lunga e bianca distesa di sabbia finissima, quella di Posto Vecchio e Pescoluse (Salve): splendide dune di sabbia coperte dalla fragranza e dalla bellezza del famoso giglio bianco, dalle tamerici e acacie.&nbsp; La Marina di Torre Vado fa parte del Comune di Morciano di Leuca, un piccolo centro distante circa 2 km, e ricco di testimonianze archeologiche.<\/p>\n\n\n\n<iframe loading=\"lazy\" width=\"500\" height=\"500\" frameborder=\"0\" scrolling=\"no\" marginheight=\"0\" marginwidth=\"0\" src=\"https:\/\/maps.google.it\/maps?f=q&#038;hl=it&#038;geocode=&#038;q=torre+vado&#038;ie=UTF8&#038;t=p&#038;msa=0&#038;msid=118176690181105033124.00000112042221e261b86&#038;s=AARTsJqNkL9z-YBuTw7bXLYZJ1ygTvBSqw&#038;ll=39.83474,18.273826&#038;spn=0.016477,0.021458&#038;z=15&#038;iwloc=addr&#038;output=embed\"><\/iframe><br \/><small><a href=\"http:\/\/maps.google.it\/maps?f=q&#038;hl=it&#038;geocode=&#038;q=torre+vado&#038;ie=UTF8&#038;t=p&#038;msa=0&#038;msid=118176690181105033124.00000112042221e261b86&#038;ll=39.83474,18.273826&#038;spn=0.016477,0.021458&#038;z=15&#038;iwloc=addr&#038;source=embed\" style=\"color:#0000FF;text-align:left\">Visualizzazione ingrandita della mappa<\/a><\/small>\n\n\n\n<p>Negli ultimi anni la gi\u00e0 esigua distanza tra il paese e la marina si \u00e8 notevolmente accorciata: lungo la splendida campagna che separa Morciano da Torre Vado, \u00e8 un rifiorire di strutture ricettive o case private, incastonate perfettamente nell\u2019ambiente circostante, tra ulivi secolari e muretti a secco.<\/p>\n\n\n\n<p><strong>Torre Vado si raggiunge:<\/strong><\/p>\n\n\n<div class=\"wp-block-image\">\n<figure class=\"alignright\"><img decoding=\"async\" src=\"https:\/\/www.torrevado.info\/foto\/salento\/torreVado_Porto_2005_pc.jpg\" alt=\"Torre Vado\"\/><\/figure><\/div>\n\n\n<p>In auto, prendendo l\u2019autostrada A14 uscita BARI-NORD, superstrada Bari-Brindisi-Lecce-Gallipoli, Ugento, Leuca, uscita per Torre Vado.<br \/>In aereo \u00e8 possibile raggiungere il Salento facendo scalo a Brindisi. Per raggiungere Lecce si utilizza il servizio navetta che collega l\u2019aeroporto con il centro della citt\u00e0. Da qui si prosegue sino a Torre Vado con i treni locali della Ferrovia SUD EST.<br \/>In treno (TRENITALIA) si raggiunge il Salento lungo la direttrice adriatica Milano &#8211; Bologna &#8211; Pescara &#8211; Foggia &#8211; Bari &#8211; Brindisi &#8211; Lecce o attraverso la Roma &#8211; Caserta &#8211; Foggia &#8211; Bari &#8211; Brindisi &#8211; Lecce. Da qui proseguire fino a Torre Vado con i treni locali delle&nbsp; FSE. La stazione ferroviaria (Ferrovie Sud-Est) pi\u00f9 vicina a Torre Vado \u00e8 quella di Salve-Ruggiano (5 km); durante i mesi estivi Torre Vado \u00e8 servita dagli autobus di &#8220;Salento in bus&#8221;, un\u2019iniziativa provinciale per collegare tutta la costa  (<a href=\"https:\/\/www.torrevado.info\/salento\/salento-in-bus.asp\" target=\"_blank\" rel=\"noreferrer noopener\">Salentoinbus<\/a>).<\/p>\n","protected":false},"excerpt":{"rendered":"<p>La Marina di Torre Vado si trova sul mare Ionio a circa 8 km da Santa Maria di Leuca e 30 km da Gallipoli. Fa parte del Comune di Morciano di Leuca unitamente alla piccola frazione di Barbarano del Capo. Per la bellezza del suo lungomare, l\u2019efficienza dei suoi servizi, per il porto turistico, per &hellip; <a href=\"https:\/\/www.torrevado.org\/index.php\/torre-vado-dove-si-trova-e-come-si-raggiunge\" class=\"more-link\">Continua a leggere <span class=\"screen-reader-text\">Torre Vado: dove si trova e come si raggiunge<\/span><\/a><\/p>\n","protected":false},"author":2,"featured_media":0,"parent":0,"menu_order":0,"comment_status":"closed","ping_status":"closed","template":"","meta":{"footnotes":""},"class_list":["post-15","page","type-page","status-publish","hentry"],"aioseo_notices":[],"_links":{"self":[{"href":"https:\/\/www.torrevado.org\/index.php\/wp-json\/wp\/v2\/pages\/15","targetHints":{"allow":["GET"]}}],"collection":[{"href":"https:\/\/www.torrevado.org\/index.php\/wp-json\/wp\/v2\/pages"}],"about":[{"href":"https:\/\/www.torrevado.org\/index.php\/wp-json\/wp\/v2\/types\/page"}],"author":[{"embeddable":true,"href":"https:\/\/www.torrevado.org\/index.php\/wp-json\/wp\/v2\/users\/2"}],"replies":[{"embeddable":true,"href":"https:\/\/www.torrevado.org\/index.php\/wp-json\/wp\/v2\/comments?post=15"}],"version-history":[{"count":8,"href":"https:\/\/www.torrevado.org\/index.php\/wp-json\/wp\/v2\/pages\/15\/revisions"}],"predecessor-version":[{"id":425,"href":"https:\/\/www.torrevado.org\/index.php\/wp-json\/wp\/v2\/pages\/15\/revisions\/425"}],"wp:attachment":[{"href":"https:\/\/www.torrevado.org\/index.php\/wp-json\/wp\/v2\/media?parent=15"}],"curies":[{"name":"wp","href":"https:\/\/api.w.org\/{rel}","templated":true}]}}